{"id":22292,"date":"2025-01-22T04:40:10","date_gmt":"2025-01-22T01:40:10","guid":{"rendered":"https:\/\/soluhome.com.uy\/sitio\/?post_type=product&#038;p=22292"},"modified":"2025-01-22T04:40:10","modified_gmt":"2025-01-22T01:40:10","slug":"placas-marmoladas","status":"publish","type":"product","link":"https:\/\/soluhome.com.uy\/sitio\/product\/placas-marmoladas\/","title":{"rendered":"PLACAS MARMOLADAS"},"content":{"rendered":"<p>CONCURRIR A NUESTRO SHOWROM SER\u00c1 SU MEJOR VISITA.<\/p>\n<p>EN STOCK VARIADOS DISE\u00d1OS EN PLACAS PVC MARMOLADAS QUE PUEDEN SER<\/p>\n<p>ACOMPA\u00d1ADAS CON RIPADOS PARA LA MEJOR DECORACI\u00d3N.<\/p>\n<p>LAS PLACAS MIDEN cm 122 x 244 x mm 3 DE ESPESOR PARA PEGAR CON ADHESIVO.<\/p>\n<p>C\u00d3NSULTA POR WHATSAPP Y LE ASESORAMOS PARA SU INSTALACI\u00d3N<\/p>\n<p>PUEDE ABONAR CON TARJETAS Y REALIZAMOS DESCUENTOS<\/p>\n","protected":false},"excerpt":{"rendered":"<p>CONCURRIR A NUESTRO SHOWROM SER\u00c1 SU MEJOR VISITA. EN STOCK VARIADOS DISE\u00d1OS EN PLACAS PVC MARMOLADAS QUE PUEDEN SER ACOMPA\u00d1ADAS CON RIPADOS PARA LA MEJOR DECORACI\u00d3N. LAS PLACAS MIDEN cm 122 x 244 x mm 3 DE ESPESOR PARA PEGAR CON ADHESIVO. C\u00d3NSULTA POR WHATSAPP Y LE ASESORAMOS PARA SU INSTALACI\u00d3N PUEDE ABONAR CON TARJETAS [&hellip;]<\/p>\n","protected":false},"featured_media":22293,"template":"","meta":[],"product_cat":[15,118],"product_tag":[],"class_list":{"0":"post-22292","1":"product","2":"type-product","3":"status-publish","4":"has-post-thumbnail","6":"product_cat-uncategorized","7":"product_cat-revestimientos-interiores","9":"first","10":"instock","11":"shipping-taxable","12":"product-type-simple"},"_links":{"self":[{"href":"https:\/\/soluhome.com.uy\/sitio\/wp-json\/wp\/v2\/product\/22292","targetHints":{"allow":["GET"]}}],"collection":[{"href":"https:\/\/soluhome.com.uy\/sitio\/wp-json\/wp\/v2\/product"}],"about":[{"href":"https:\/\/soluhome.com.uy\/sitio\/wp-json\/wp\/v2\/types\/product"}],"wp:featuredmedia":[{"embeddable":true,"href":"https:\/\/soluhome.com.uy\/sitio\/wp-json\/wp\/v2\/media\/22293"}],"wp:attachment":[{"href":"https:\/\/soluhome.com.uy\/sitio\/wp-json\/wp\/v2\/media?parent=22292"}],"wp:term":[{"taxonomy":"product_cat","embeddable":true,"href":"https:\/\/soluhome.com.uy\/sitio\/wp-json\/wp\/v2\/product_cat?post=22292"},{"taxonomy":"product_tag","embeddable":true,"href":"https:\/\/soluhome.com.uy\/sitio\/wp-json\/wp\/v2\/product_tag?post=22292"}],"curies":[{"name":"wp","href":"https:\/\/api.w.org\/{rel}","templated":true}]}}