{"id":22282,"date":"2025-01-22T03:52:01","date_gmt":"2025-01-22T00:52:01","guid":{"rendered":"https:\/\/soluhome.com.uy\/sitio\/?post_type=product&#038;p=22282"},"modified":"2025-01-22T03:52:01","modified_gmt":"2025-01-22T00:52:01","slug":"baldosas-vinilicas","status":"publish","type":"product","link":"https:\/\/soluhome.com.uy\/sitio\/product\/baldosas-vinilicas\/","title":{"rendered":"BALDOSAS VINILICAS"},"content":{"rendered":"<p>BALDOSAS VINILICAS AUTOADHESIVAS DE GRAN CALIDAD Y RESISTENCIA.<\/p>\n<p>MEDIDAS DE cm 46 x 46 EN VARIOS COLORES DE F\u00c1CIL INSTALACI\u00d3N.<\/p>\n<p>CONSULTE POR WHATSAPP AL SHOWROOM Y LE REMITIMOS CAT\u00c1LOGO.<\/p>\n<p>FACILIDADES AL ABONAR CON DESCUENTOS Y HACEMOS ENV\u00cdOS A TODO EL PA\u00cdS.<\/p>\n","protected":false},"excerpt":{"rendered":"<p>BALDOSAS VINILICAS AUTOADHESIVAS DE GRAN CALIDAD Y RESISTENCIA. MEDIDAS DE cm 46 x 46 EN VARIOS COLORES DE F\u00c1CIL INSTALACI\u00d3N. CONSULTE POR WHATSAPP AL SHOWROOM Y LE REMITIMOS CAT\u00c1LOGO. FACILIDADES AL ABONAR CON DESCUENTOS Y HACEMOS ENV\u00cdOS A TODO EL PA\u00cdS.<\/p>\n","protected":false},"featured_media":22283,"template":"","meta":[],"product_cat":[134],"product_tag":[],"class_list":{"0":"post-22282","1":"product","2":"type-product","3":"status-publish","4":"has-post-thumbnail","6":"product_cat-baldosas-vinilicas","8":"first","9":"instock","10":"shipping-taxable","11":"product-type-simple"},"_links":{"self":[{"href":"https:\/\/soluhome.com.uy\/sitio\/wp-json\/wp\/v2\/product\/22282","targetHints":{"allow":["GET"]}}],"collection":[{"href":"https:\/\/soluhome.com.uy\/sitio\/wp-json\/wp\/v2\/product"}],"about":[{"href":"https:\/\/soluhome.com.uy\/sitio\/wp-json\/wp\/v2\/types\/product"}],"wp:featuredmedia":[{"embeddable":true,"href":"https:\/\/soluhome.com.uy\/sitio\/wp-json\/wp\/v2\/media\/22283"}],"wp:attachment":[{"href":"https:\/\/soluhome.com.uy\/sitio\/wp-json\/wp\/v2\/media?parent=22282"}],"wp:term":[{"taxonomy":"product_cat","embeddable":true,"href":"https:\/\/soluhome.com.uy\/sitio\/wp-json\/wp\/v2\/product_cat?post=22282"},{"taxonomy":"product_tag","embeddable":true,"href":"https:\/\/soluhome.com.uy\/sitio\/wp-json\/wp\/v2\/product_tag?post=22282"}],"curies":[{"name":"wp","href":"https:\/\/api.w.org\/{rel}","templated":true}]}}