{"id":22228,"date":"2024-09-28T01:39:32","date_gmt":"2024-09-27T22:39:32","guid":{"rendered":"https:\/\/soluhome.com.uy\/sitio\/?post_type=product&#038;p=22228"},"modified":"2024-10-09T23:03:32","modified_gmt":"2024-10-09T20:03:32","slug":"placas-yeso-antihumedad","status":"publish","type":"product","link":"https:\/\/soluhome.com.uy\/sitio\/product\/placas-yeso-antihumedad\/","title":{"rendered":"PLACAS YESO ANTIHUMEDAD"},"content":{"rendered":"<p>FABRICADAS CON YESO CER\u00c1MICO Y MUY DECORATIVAS.-<\/p>\n<p>EXCELENTES PARA PAREDES CON HONGOS, CONDENSACI\u00d3N O HUMEDAD.-<\/p>\n<p>MAS DE DIEZ (10) VARIADOS DISE\u00d1OS DE PULIDAS TERMINACIONES Y TODOS EN 3D.-<\/p>\n<p>CONSULTE POR WHATSAPP A NUESTROS ASESORES PARA SU INSTALACI\u00d3N Y TAMBI\u00c9N<\/p>\n<p>SE LE ENVIARA CAT\u00c1LOGO.-<\/p>\n<p>&nbsp;<\/p>\n<p>&nbsp;<\/p>\n","protected":false},"excerpt":{"rendered":"<p>FABRICADAS CON YESO CER\u00c1MICO Y MUY DECORATIVAS.- EXCELENTES PARA PAREDES CON HONGOS, CONDENSACI\u00d3N O HUMEDAD.- MAS DE DIEZ (10) VARIADOS DISE\u00d1OS DE PULIDAS TERMINACIONES Y TODOS EN 3D.- CONSULTE POR WHATSAPP A NUESTROS ASESORES PARA SU INSTALACI\u00d3N Y TAMBI\u00c9N SE LE ENVIARA CAT\u00c1LOGO.- &nbsp; &nbsp;<\/p>\n","protected":false},"featured_media":22229,"template":"","meta":[],"product_cat":[122,118],"product_tag":[],"class_list":{"0":"post-22228","1":"product","2":"type-product","3":"status-publish","4":"has-post-thumbnail","6":"product_cat-hormigon-premoldeado","7":"product_cat-revestimientos-interiores","9":"first","10":"instock","11":"shipping-taxable","12":"product-type-simple"},"_links":{"self":[{"href":"https:\/\/soluhome.com.uy\/sitio\/wp-json\/wp\/v2\/product\/22228","targetHints":{"allow":["GET"]}}],"collection":[{"href":"https:\/\/soluhome.com.uy\/sitio\/wp-json\/wp\/v2\/product"}],"about":[{"href":"https:\/\/soluhome.com.uy\/sitio\/wp-json\/wp\/v2\/types\/product"}],"wp:featuredmedia":[{"embeddable":true,"href":"https:\/\/soluhome.com.uy\/sitio\/wp-json\/wp\/v2\/media\/22229"}],"wp:attachment":[{"href":"https:\/\/soluhome.com.uy\/sitio\/wp-json\/wp\/v2\/media?parent=22228"}],"wp:term":[{"taxonomy":"product_cat","embeddable":true,"href":"https:\/\/soluhome.com.uy\/sitio\/wp-json\/wp\/v2\/product_cat?post=22228"},{"taxonomy":"product_tag","embeddable":true,"href":"https:\/\/soluhome.com.uy\/sitio\/wp-json\/wp\/v2\/product_tag?post=22228"}],"curies":[{"name":"wp","href":"https:\/\/api.w.org\/{rel}","templated":true}]}}