{"id":22219,"date":"2024-09-28T01:08:18","date_gmt":"2024-09-27T22:08:18","guid":{"rendered":"https:\/\/soluhome.com.uy\/sitio\/?post_type=product&#038;p=22219"},"modified":"2024-09-28T01:10:59","modified_gmt":"2024-09-27T22:10:59","slug":"placa-3d-autoadhesiva-5","status":"publish","type":"product","link":"https:\/\/soluhome.com.uy\/sitio\/product\/placa-3d-autoadhesiva-5\/","title":{"rendered":"PLACA 3D AUTOADHESIVA"},"content":{"rendered":"<p>PLACA AISLANTE EN POLIURETANO DE GRAN CALIDAD Y RESISTENCIA.-<\/p>\n<p>MUY DECORATIVAS Y EN RELIEVE 3D,\u00a0 PUEDEN SER INSTALADAS EN CUALQUIER PARED<\/p>\n<p>LISA Y LIMPIA.-<\/p>\n<p>EN MEDIDAS DE cm 70 x 70 Y cm 70 x 77 CON mm 6 DE ESPESOR, SON F\u00c1CILES DE INSTALAR. &#8211;<\/p>\n<p>CONTAMOS EN STOCK CON M\u00c1S DE 80 DISE\u00d1OS Y EN COLORES.-<\/p>\n<p>EN FOTO PRESENTAMOS LADRILLO R\u00daSTICO EN VARIOS COLORES.-<\/p>\n<p>CONSULTE EN SHOWROOM POR WHATSAPP Y LE ENVIAMOS A SU DOMICILIO.-<\/p>\n<p>&nbsp;<\/p>\n<p>&nbsp;<\/p>\n","protected":false},"excerpt":{"rendered":"<p>PLACA AISLANTE EN POLIURETANO DE GRAN CALIDAD Y RESISTENCIA.- MUY DECORATIVAS Y EN RELIEVE 3D,\u00a0 PUEDEN SER INSTALADAS EN CUALQUIER PARED LISA Y LIMPIA.- EN MEDIDAS DE cm 70 x 70 Y cm 70 x 77 CON mm 6 DE ESPESOR, SON F\u00c1CILES DE INSTALAR. &#8211; CONTAMOS EN STOCK CON M\u00c1S DE 80 DISE\u00d1OS Y [&hellip;]<\/p>\n","protected":false},"featured_media":22220,"template":"","meta":[],"product_cat":[118],"product_tag":[],"class_list":{"0":"post-22219","1":"product","2":"type-product","3":"status-publish","4":"has-post-thumbnail","6":"product_cat-revestimientos-interiores","8":"first","9":"instock","10":"shipping-taxable","11":"product-type-simple"},"_links":{"self":[{"href":"https:\/\/soluhome.com.uy\/sitio\/wp-json\/wp\/v2\/product\/22219","targetHints":{"allow":["GET"]}}],"collection":[{"href":"https:\/\/soluhome.com.uy\/sitio\/wp-json\/wp\/v2\/product"}],"about":[{"href":"https:\/\/soluhome.com.uy\/sitio\/wp-json\/wp\/v2\/types\/product"}],"wp:featuredmedia":[{"embeddable":true,"href":"https:\/\/soluhome.com.uy\/sitio\/wp-json\/wp\/v2\/media\/22220"}],"wp:attachment":[{"href":"https:\/\/soluhome.com.uy\/sitio\/wp-json\/wp\/v2\/media?parent=22219"}],"wp:term":[{"taxonomy":"product_cat","embeddable":true,"href":"https:\/\/soluhome.com.uy\/sitio\/wp-json\/wp\/v2\/product_cat?post=22219"},{"taxonomy":"product_tag","embeddable":true,"href":"https:\/\/soluhome.com.uy\/sitio\/wp-json\/wp\/v2\/product_tag?post=22219"}],"curies":[{"name":"wp","href":"https:\/\/api.w.org\/{rel}","templated":true}]}}