{"id":22170,"date":"2024-09-12T19:12:13","date_gmt":"2024-09-12T16:12:13","guid":{"rendered":"https:\/\/soluhome.com.uy\/sitio\/?post_type=product&#038;p=22170"},"modified":"2024-09-28T01:28:47","modified_gmt":"2024-09-27T22:28:47","slug":"aaa","status":"publish","type":"product","link":"https:\/\/soluhome.com.uy\/sitio\/product\/aaa\/","title":{"rendered":"RIPADOS TABLAS"},"content":{"rendered":"<p>REVESTIMIENTOS RIPADOS DE GRAN ESTILO EN DECORACI\u00d3N.-<\/p>\n<p>CONTAMOS CON GRAN SELECCI\u00d3N DE MATERIALES PARA SU ELECCI\u00d3N Y EN COLORES.-<\/p>\n<p>EN FOTO PRESENTAMOS RIPADOS DE LA LINEA DECOR.-<\/p>\n<p>CONSULTA POR WHATSAPP PARA UNA MEJOR APRECIACI\u00d3N DEL PRODUCTO.-<\/p>\n","protected":false},"excerpt":{"rendered":"<p>REVESTIMIENTOS RIPADOS DE GRAN ESTILO EN DECORACI\u00d3N.- CONTAMOS CON GRAN SELECCI\u00d3N DE MATERIALES PARA SU ELECCI\u00d3N Y EN COLORES.- EN FOTO PRESENTAMOS RIPADOS DE LA LINEA DECOR.- CONSULTA POR WHATSAPP PARA UNA MEJOR APRECIACI\u00d3N DEL PRODUCTO.-<\/p>\n","protected":false},"featured_media":22225,"template":"","meta":[],"product_cat":[118],"product_tag":[],"class_list":{"0":"post-22170","1":"product","2":"type-product","3":"status-publish","4":"has-post-thumbnail","6":"product_cat-revestimientos-interiores","8":"first","9":"instock","10":"shipping-taxable","11":"product-type-simple"},"_links":{"self":[{"href":"https:\/\/soluhome.com.uy\/sitio\/wp-json\/wp\/v2\/product\/22170","targetHints":{"allow":["GET"]}}],"collection":[{"href":"https:\/\/soluhome.com.uy\/sitio\/wp-json\/wp\/v2\/product"}],"about":[{"href":"https:\/\/soluhome.com.uy\/sitio\/wp-json\/wp\/v2\/types\/product"}],"wp:featuredmedia":[{"embeddable":true,"href":"https:\/\/soluhome.com.uy\/sitio\/wp-json\/wp\/v2\/media\/22225"}],"wp:attachment":[{"href":"https:\/\/soluhome.com.uy\/sitio\/wp-json\/wp\/v2\/media?parent=22170"}],"wp:term":[{"taxonomy":"product_cat","embeddable":true,"href":"https:\/\/soluhome.com.uy\/sitio\/wp-json\/wp\/v2\/product_cat?post=22170"},{"taxonomy":"product_tag","embeddable":true,"href":"https:\/\/soluhome.com.uy\/sitio\/wp-json\/wp\/v2\/product_tag?post=22170"}],"curies":[{"name":"wp","href":"https:\/\/api.w.org\/{rel}","templated":true}]}}