{"id":22160,"date":"2024-08-31T22:32:53","date_gmt":"2024-08-31T19:32:53","guid":{"rendered":"https:\/\/soluhome.com.uy\/sitio\/?post_type=product&#038;p=22160"},"modified":"2025-01-27T18:26:03","modified_gmt":"2025-01-27T15:26:03","slug":"caminero-de-hormigon","status":"publish","type":"product","link":"https:\/\/soluhome.com.uy\/sitio\/product\/caminero-de-hormigon\/","title":{"rendered":"CAMINERO DE HORMIG\u00d3N"},"content":{"rendered":"<p>LOSAS DE HORMIGON PREMOLDEADO Y VIBRADO.-<\/p>\n<p>NUESTROS PRODUCTOS SON DE GRAN RESISTENCIA POR SU SISTEMA DE F\u00c1BRICA.-<\/p>\n<p>CONTAMOS EN STOCK CON LARGOS DESDE cm 50 HASTA cm 120 Y ANCHOS DESDE cm 25.-<\/p>\n<p>HAY DE CARA LISA Y R\u00daSTICOS SIMIL MADERA.-<\/p>\n<p>EN LA FOTO PUEDE VER EL DISE\u00d1O DE CM 70 X 30.-<\/p>\n<p>CONSULTE POR WHATSAPP A NUESTRO SHOWROOM Y LE ENVIAMOS A DOMICILIO.-<\/p>\n","protected":false},"excerpt":{"rendered":"<p>LOSAS DE HORMIGON PREMOLDEADO Y VIBRADO.- NUESTROS PRODUCTOS SON DE GRAN RESISTENCIA POR SU SISTEMA DE F\u00c1BRICA.- CONTAMOS EN STOCK CON LARGOS DESDE cm 50 HASTA cm 120 Y ANCHOS DESDE cm 25.- HAY DE CARA LISA Y R\u00daSTICOS SIMIL MADERA.- EN LA FOTO PUEDE VER EL DISE\u00d1O DE CM 70 X 30.- CONSULTE POR [&hellip;]<\/p>\n","protected":false},"featured_media":22205,"template":"","meta":[],"product_cat":[128,117],"product_tag":[],"class_list":{"0":"post-22160","1":"product","2":"type-product","3":"status-publish","4":"has-post-thumbnail","6":"product_cat-losas-hormigon","7":"product_cat-revestimientos-exteriores","9":"first","10":"instock","11":"shipping-taxable","12":"product-type-simple"},"_links":{"self":[{"href":"https:\/\/soluhome.com.uy\/sitio\/wp-json\/wp\/v2\/product\/22160","targetHints":{"allow":["GET"]}}],"collection":[{"href":"https:\/\/soluhome.com.uy\/sitio\/wp-json\/wp\/v2\/product"}],"about":[{"href":"https:\/\/soluhome.com.uy\/sitio\/wp-json\/wp\/v2\/types\/product"}],"wp:featuredmedia":[{"embeddable":true,"href":"https:\/\/soluhome.com.uy\/sitio\/wp-json\/wp\/v2\/media\/22205"}],"wp:attachment":[{"href":"https:\/\/soluhome.com.uy\/sitio\/wp-json\/wp\/v2\/media?parent=22160"}],"wp:term":[{"taxonomy":"product_cat","embeddable":true,"href":"https:\/\/soluhome.com.uy\/sitio\/wp-json\/wp\/v2\/product_cat?post=22160"},{"taxonomy":"product_tag","embeddable":true,"href":"https:\/\/soluhome.com.uy\/sitio\/wp-json\/wp\/v2\/product_tag?post=22160"}],"curies":[{"name":"wp","href":"https:\/\/api.w.org\/{rel}","templated":true}]}}