{"id":22157,"date":"2024-09-24T18:01:44","date_gmt":"2024-09-24T15:01:44","guid":{"rendered":"https:\/\/soluhome.com.uy\/sitio\/?post_type=product&#038;p=22157"},"modified":"2024-09-24T18:02:39","modified_gmt":"2024-09-24T15:02:39","slug":"policarbonato-alveolar","status":"publish","type":"product","link":"https:\/\/soluhome.com.uy\/sitio\/product\/policarbonato-alveolar\/","title":{"rendered":"POLICARBONATO ALVEOLAR"},"content":{"rendered":"<p>DE POLICARBONATO TENEMOS LO MEJOR EN PRODUCTO CHILENO.-<\/p>\n<p>ESPESORES DE mm 6, mm 8 Y en mm 10 TIENEN GARANT\u00cdA DE F\u00c1BRICA DE 10 A\u00d1OS.<\/p>\n<p>CONTAMOS CON TODOS LOS ACCESORIOS PARA SU INSTALACI\u00d3N COMO PERFILES,<\/p>\n<p>CINTA MICROPERFORADA, SILICONA Y SUS FIJACIONES. &#8211;<\/p>\n<p>&nbsp;<\/p>\n","protected":false},"excerpt":{"rendered":"<p>DE POLICARBONATO TENEMOS LO MEJOR EN PRODUCTO CHILENO.- ESPESORES DE mm 6, mm 8 Y en mm 10 TIENEN GARANT\u00cdA DE F\u00c1BRICA DE 10 A\u00d1OS. CONTAMOS CON TODOS LOS ACCESORIOS PARA SU INSTALACI\u00d3N COMO PERFILES, CINTA MICROPERFORADA, SILICONA Y SUS FIJACIONES. &#8211; &nbsp;<\/p>\n","protected":false},"featured_media":22198,"template":"","meta":[],"product_cat":[119],"product_tag":[],"class_list":{"0":"post-22157","1":"product","2":"type-product","3":"status-publish","4":"has-post-thumbnail","6":"product_cat-policarbonatos","8":"first","9":"instock","10":"shipping-taxable","11":"product-type-simple"},"_links":{"self":[{"href":"https:\/\/soluhome.com.uy\/sitio\/wp-json\/wp\/v2\/product\/22157","targetHints":{"allow":["GET"]}}],"collection":[{"href":"https:\/\/soluhome.com.uy\/sitio\/wp-json\/wp\/v2\/product"}],"about":[{"href":"https:\/\/soluhome.com.uy\/sitio\/wp-json\/wp\/v2\/types\/product"}],"wp:featuredmedia":[{"embeddable":true,"href":"https:\/\/soluhome.com.uy\/sitio\/wp-json\/wp\/v2\/media\/22198"}],"wp:attachment":[{"href":"https:\/\/soluhome.com.uy\/sitio\/wp-json\/wp\/v2\/media?parent=22157"}],"wp:term":[{"taxonomy":"product_cat","embeddable":true,"href":"https:\/\/soluhome.com.uy\/sitio\/wp-json\/wp\/v2\/product_cat?post=22157"},{"taxonomy":"product_tag","embeddable":true,"href":"https:\/\/soluhome.com.uy\/sitio\/wp-json\/wp\/v2\/product_tag?post=22157"}],"curies":[{"name":"wp","href":"https:\/\/api.w.org\/{rel}","templated":true}]}}